{"id":2761,"date":"2023-12-31T12:55:21","date_gmt":"2023-12-31T11:55:21","guid":{"rendered":"https:\/\/www.atvignette.com\/avtocestni-zig-ceska\/"},"modified":"2024-06-18T14:31:53","modified_gmt":"2024-06-18T12:31:53","slug":"avtocestni-zig-ceska","status":"publish","type":"page","link":"https:\/\/www.atvignet.com\/sl\/avtocestni-zig-ceska\/","title":{"rendered":"Avtocestni \u017eig \u010ce\u0161ka"},"content":{"rendered":"","protected":false},"excerpt":{"rendered":"","protected":false},"author":1,"featured_media":0,"parent":0,"menu_order":0,"comment_status":"closed","ping_status":"closed","template":"","meta":{"footnotes":""},"categories":[],"tags":[257],"_links":{"self":[{"href":"https:\/\/www.atvignet.com\/sl\/wp-json\/wp\/v2\/pages\/2761"}],"collection":[{"href":"https:\/\/www.atvignet.com\/sl\/wp-json\/wp\/v2\/pages"}],"about":[{"href":"https:\/\/www.atvignet.com\/sl\/wp-json\/wp\/v2\/types\/page"}],"author":[{"embeddable":true,"href":"https:\/\/www.atvignet.com\/sl\/wp-json\/wp\/v2\/users\/1"}],"replies":[{"embeddable":true,"href":"https:\/\/www.atvignet.com\/sl\/wp-json\/wp\/v2\/comments?post=2761"}],"version-history":[{"count":1,"href":"https:\/\/www.atvignet.com\/sl\/wp-json\/wp\/v2\/pages\/2761\/revisions"}],"predecessor-version":[{"id":3994,"href":"https:\/\/www.atvignet.com\/sl\/wp-json\/wp\/v2\/pages\/2761\/revisions\/3994"}],"wp:attachment":[{"href":"https:\/\/www.atvignet.com\/sl\/wp-json\/wp\/v2\/media?parent=2761"}],"wp:term":[{"taxonomy":"category","embeddable":true,"href":"https:\/\/www.atvignet.com\/sl\/wp-json\/wp\/v2\/categories?post=2761"},{"taxonomy":"post_tag","embeddable":true,"href":"https:\/\/www.atvignet.com\/sl\/wp-json\/wp\/v2\/tags?post=2761"}],"curies":[{"name":"wp","href":"https:\/\/api.w.org\/{rel}","templated":true}]}}