{"id":2858,"date":"2023-12-31T13:27:26","date_gmt":"2023-12-31T12:27:26","guid":{"rendered":"https:\/\/www.atvignette.com\/slovenska-dialnicna-znamka\/"},"modified":"2024-06-18T15:22:05","modified_gmt":"2024-06-18T13:22:05","slug":"slovenska-dialnicna-znamka","status":"publish","type":"page","link":"https:\/\/www.atvignet.com\/sk\/slovenska-dialnicna-znamka\/","title":{"rendered":"Slovensk\u00e1 dia\u013eni\u010dn\u00e1 zn\u00e1mka"},"content":{"rendered":"","protected":false},"excerpt":{"rendered":"","protected":false},"author":1,"featured_media":0,"parent":0,"menu_order":0,"comment_status":"closed","ping_status":"closed","template":"","meta":{"footnotes":""},"categories":[],"tags":[351],"_links":{"self":[{"href":"https:\/\/www.atvignet.com\/sk\/wp-json\/wp\/v2\/pages\/2858"}],"collection":[{"href":"https:\/\/www.atvignet.com\/sk\/wp-json\/wp\/v2\/pages"}],"about":[{"href":"https:\/\/www.atvignet.com\/sk\/wp-json\/wp\/v2\/types\/page"}],"author":[{"embeddable":true,"href":"https:\/\/www.atvignet.com\/sk\/wp-json\/wp\/v2\/users\/1"}],"replies":[{"embeddable":true,"href":"https:\/\/www.atvignet.com\/sk\/wp-json\/wp\/v2\/comments?post=2858"}],"version-history":[{"count":1,"href":"https:\/\/www.atvignet.com\/sk\/wp-json\/wp\/v2\/pages\/2858\/revisions"}],"predecessor-version":[{"id":4077,"href":"https:\/\/www.atvignet.com\/sk\/wp-json\/wp\/v2\/pages\/2858\/revisions\/4077"}],"wp:attachment":[{"href":"https:\/\/www.atvignet.com\/sk\/wp-json\/wp\/v2\/media?parent=2858"}],"wp:term":[{"taxonomy":"category","embeddable":true,"href":"https:\/\/www.atvignet.com\/sk\/wp-json\/wp\/v2\/categories?post=2858"},{"taxonomy":"post_tag","embeddable":true,"href":"https:\/\/www.atvignet.com\/sk\/wp-json\/wp\/v2\/tags?post=2858"}],"curies":[{"name":"wp","href":"https:\/\/api.w.org\/{rel}","templated":true}]}}