{"id":1283,"date":"2020-05-04T07:48:49","date_gmt":"2020-05-04T05:48:49","guid":{"rendered":"https:\/\/www.atvignette.com\/rakuska-dialnicna-znamka-2\/"},"modified":"2024-06-18T14:27:36","modified_gmt":"2024-06-18T12:27:36","slug":"rakuska-dialnicna-znamka-2","status":"publish","type":"page","link":"https:\/\/www.atvignet.com\/sk\/","title":{"rendered":"Rak\u00faska dia\u013eni\u010dn\u00e1 zn\u00e1mka"},"content":{"rendered":"","protected":false},"excerpt":{"rendered":"","protected":false},"author":1,"featured_media":0,"parent":0,"menu_order":0,"comment_status":"closed","ping_status":"closed","template":"","meta":{"footnotes":""},"categories":[],"tags":[],"_links":{"self":[{"href":"https:\/\/www.atvignet.com\/sk\/wp-json\/wp\/v2\/pages\/1283"}],"collection":[{"href":"https:\/\/www.atvignet.com\/sk\/wp-json\/wp\/v2\/pages"}],"about":[{"href":"https:\/\/www.atvignet.com\/sk\/wp-json\/wp\/v2\/types\/page"}],"author":[{"embeddable":true,"href":"https:\/\/www.atvignet.com\/sk\/wp-json\/wp\/v2\/users\/1"}],"replies":[{"embeddable":true,"href":"https:\/\/www.atvignet.com\/sk\/wp-json\/wp\/v2\/comments?post=1283"}],"version-history":[{"count":1,"href":"https:\/\/www.atvignet.com\/sk\/wp-json\/wp\/v2\/pages\/1283\/revisions"}],"predecessor-version":[{"id":1519,"href":"https:\/\/www.atvignet.com\/sk\/wp-json\/wp\/v2\/pages\/1283\/revisions\/1519"}],"wp:attachment":[{"href":"https:\/\/www.atvignet.com\/sk\/wp-json\/wp\/v2\/media?parent=1283"}],"wp:term":[{"taxonomy":"category","embeddable":true,"href":"https:\/\/www.atvignet.com\/sk\/wp-json\/wp\/v2\/categories?post=1283"},{"taxonomy":"post_tag","embeddable":true,"href":"https:\/\/www.atvignet.com\/sk\/wp-json\/wp\/v2\/tags?post=1283"}],"curies":[{"name":"wp","href":"https:\/\/api.w.org\/{rel}","templated":true}]}}