{"id":2758,"date":"2023-12-31T12:55:21","date_gmt":"2023-12-31T11:55:21","guid":{"rendered":"https:\/\/www.atvignette.com\/stampila-de-autostrada-republica-ceha\/"},"modified":"2024-06-18T14:31:45","modified_gmt":"2024-06-18T12:31:45","slug":"stampila-de-autostrada-republica-ceha","status":"publish","type":"page","link":"https:\/\/www.atvignet.com\/ro\/stampila-de-autostrada-republica-ceha\/","title":{"rendered":"\u0218tampil\u0103 de autostrad\u0103 Republica Ceh\u0103"},"content":{"rendered":"","protected":false},"excerpt":{"rendered":"","protected":false},"author":1,"featured_media":0,"parent":0,"menu_order":0,"comment_status":"closed","ping_status":"closed","template":"","meta":{"footnotes":""},"categories":[],"tags":[254],"_links":{"self":[{"href":"https:\/\/www.atvignet.com\/ro\/wp-json\/wp\/v2\/pages\/2758"}],"collection":[{"href":"https:\/\/www.atvignet.com\/ro\/wp-json\/wp\/v2\/pages"}],"about":[{"href":"https:\/\/www.atvignet.com\/ro\/wp-json\/wp\/v2\/types\/page"}],"author":[{"embeddable":true,"href":"https:\/\/www.atvignet.com\/ro\/wp-json\/wp\/v2\/users\/1"}],"replies":[{"embeddable":true,"href":"https:\/\/www.atvignet.com\/ro\/wp-json\/wp\/v2\/comments?post=2758"}],"version-history":[{"count":1,"href":"https:\/\/www.atvignet.com\/ro\/wp-json\/wp\/v2\/pages\/2758\/revisions"}],"predecessor-version":[{"id":3990,"href":"https:\/\/www.atvignet.com\/ro\/wp-json\/wp\/v2\/pages\/2758\/revisions\/3990"}],"wp:attachment":[{"href":"https:\/\/www.atvignet.com\/ro\/wp-json\/wp\/v2\/media?parent=2758"}],"wp:term":[{"taxonomy":"category","embeddable":true,"href":"https:\/\/www.atvignet.com\/ro\/wp-json\/wp\/v2\/categories?post=2758"},{"taxonomy":"post_tag","embeddable":true,"href":"https:\/\/www.atvignet.com\/ro\/wp-json\/wp\/v2\/tags?post=2758"}],"curies":[{"name":"wp","href":"https:\/\/api.w.org\/{rel}","templated":true}]}}