{"id":2751,"date":"2023-12-31T12:55:21","date_gmt":"2023-12-31T11:55:21","guid":{"rendered":"https:\/\/www.atvignette.com\/autopalya-belyegzo-csehorszag\/"},"modified":"2024-06-18T14:32:14","modified_gmt":"2024-06-18T12:32:14","slug":"autopalya-belyegzo-csehorszag","status":"publish","type":"page","link":"https:\/\/www.atvignet.com\/hu\/autopalya-belyegzo-csehorszag\/","title":{"rendered":"Aut\u00f3p\u00e1lya b\u00e9lyegz\u0151 Csehorsz\u00e1g"},"content":{"rendered":"","protected":false},"excerpt":{"rendered":"","protected":false},"author":1,"featured_media":0,"parent":0,"menu_order":0,"comment_status":"closed","ping_status":"closed","template":"","meta":{"footnotes":""},"categories":[],"tags":[247],"_links":{"self":[{"href":"https:\/\/www.atvignet.com\/hu\/wp-json\/wp\/v2\/pages\/2751"}],"collection":[{"href":"https:\/\/www.atvignet.com\/hu\/wp-json\/wp\/v2\/pages"}],"about":[{"href":"https:\/\/www.atvignet.com\/hu\/wp-json\/wp\/v2\/types\/page"}],"author":[{"embeddable":true,"href":"https:\/\/www.atvignet.com\/hu\/wp-json\/wp\/v2\/users\/1"}],"replies":[{"embeddable":true,"href":"https:\/\/www.atvignet.com\/hu\/wp-json\/wp\/v2\/comments?post=2751"}],"version-history":[{"count":1,"href":"https:\/\/www.atvignet.com\/hu\/wp-json\/wp\/v2\/pages\/2751\/revisions"}],"predecessor-version":[{"id":4001,"href":"https:\/\/www.atvignet.com\/hu\/wp-json\/wp\/v2\/pages\/2751\/revisions\/4001"}],"wp:attachment":[{"href":"https:\/\/www.atvignet.com\/hu\/wp-json\/wp\/v2\/media?parent=2751"}],"wp:term":[{"taxonomy":"category","embeddable":true,"href":"https:\/\/www.atvignet.com\/hu\/wp-json\/wp\/v2\/categories?post=2751"},{"taxonomy":"post_tag","embeddable":true,"href":"https:\/\/www.atvignet.com\/hu\/wp-json\/wp\/v2\/tags?post=2751"}],"curies":[{"name":"wp","href":"https:\/\/api.w.org\/{rel}","templated":true}]}}