{"id":1360,"date":"2023-11-09T19:12:48","date_gmt":"2023-11-09T18:12:48","guid":{"rendered":"https:\/\/www.atvignette.com\/feltetelek-es-feltetelek\/"},"modified":"2024-04-03T13:50:52","modified_gmt":"2024-04-03T11:50:52","slug":"feltetelek-es-feltetelek","status":"publish","type":"page","link":"https:\/\/www.atvignet.com\/hu\/feltetelek-es-feltetelek\/","title":{"rendered":"Felt\u00e9telek \u00e9s felt\u00e9telek"},"content":{"rendered":"","protected":false},"excerpt":{"rendered":"","protected":false},"author":1,"featured_media":0,"parent":0,"menu_order":0,"comment_status":"closed","ping_status":"closed","template":"","meta":{"footnotes":""},"categories":[],"tags":[455],"_links":{"self":[{"href":"https:\/\/www.atvignet.com\/hu\/wp-json\/wp\/v2\/pages\/1360"}],"collection":[{"href":"https:\/\/www.atvignet.com\/hu\/wp-json\/wp\/v2\/pages"}],"about":[{"href":"https:\/\/www.atvignet.com\/hu\/wp-json\/wp\/v2\/types\/page"}],"author":[{"embeddable":true,"href":"https:\/\/www.atvignet.com\/hu\/wp-json\/wp\/v2\/users\/1"}],"replies":[{"embeddable":true,"href":"https:\/\/www.atvignet.com\/hu\/wp-json\/wp\/v2\/comments?post=1360"}],"version-history":[{"count":1,"href":"https:\/\/www.atvignet.com\/hu\/wp-json\/wp\/v2\/pages\/1360\/revisions"}],"predecessor-version":[{"id":1361,"href":"https:\/\/www.atvignet.com\/hu\/wp-json\/wp\/v2\/pages\/1360\/revisions\/1361"}],"wp:attachment":[{"href":"https:\/\/www.atvignet.com\/hu\/wp-json\/wp\/v2\/media?parent=1360"}],"wp:term":[{"taxonomy":"category","embeddable":true,"href":"https:\/\/www.atvignet.com\/hu\/wp-json\/wp\/v2\/categories?post=1360"},{"taxonomy":"post_tag","embeddable":true,"href":"https:\/\/www.atvignet.com\/hu\/wp-json\/wp\/v2\/tags?post=1360"}],"curies":[{"name":"wp","href":"https:\/\/api.w.org\/{rel}","templated":true}]}}